{"id":13,"date":"2024-07-09T03:56:45","date_gmt":"2024-07-09T03:56:45","guid":{"rendered":"https:\/\/romeroarchitect.com\/?page_id=13"},"modified":"2025-01-21T22:36:54","modified_gmt":"2025-01-21T22:36:54","slug":"about","status":"publish","type":"page","link":"https:\/\/romeroarchitect.com\/es\/about\/","title":{"rendered":"SALUDO"},"content":{"rendered":"<div data-elementor-type=\"wp-page\" data-elementor-id=\"13\" class=\"elementor elementor-13\" data-elementor-post-type=\"page\">\n\t\t\t\t<div class=\"elementor-element elementor-element-e09199a e-flex e-con-boxed e-con e-parent\" data-id=\"e09199a\" data-element_type=\"container\" data-e-type=\"container\" data-settings=\"{&quot;background_background&quot;:&quot;classic&quot;}\">\n\t\t\t\t\t<div class=\"e-con-inner\">\n\t\t<div class=\"elementor-element elementor-element-866a313 e-con-full e-flex e-con e-child\" data-id=\"866a313\" data-element_type=\"container\" data-e-type=\"container\">\n\t\t\t\t<div class=\"elementor-element elementor-element-5c55623 elementor-widget__width-initial elementor-widget elementor-widget-text-editor\" data-id=\"5c55623\" data-element_type=\"widget\" data-e-type=\"widget\" data-widget_type=\"text-editor.default\">\n\t\t\t\t<div class=\"elementor-widget-container\">\n\t\t\t\t\t\t\t\t\t<p>Soy un arquitecto con un fuerte enfoque en el negocio de la arquitectura y el \u00e9xito en la vida. Impulsado por una pasi\u00f3n inquebrantable por el campo, he tenido el privilegio de trabajar en diversos proyectos en varios pa\u00edses. Esta exposici\u00f3n internacional me ha permitido desarrollar una perspectiva \u00fanica, creando entornos para una amplia gama de usos y m\u00e9todos de construcci\u00f3n. La experiencia adquirida en estos emprendimientos ha perfeccionado mi capacidad para ofrecer soluciones de dise\u00f1o que logran el equilibrio perfecto para cada cliente.<\/p><p>En el centro de mi enfoque se encuentra una fusi\u00f3n de dise\u00f1o arquitect\u00f3nico, tecnolog\u00eda y apreciaci\u00f3n de diferentes culturas. Estos elementos se entrelazan a la perfecci\u00f3n en un entorno colaborativo, donde los conceptos innovadores se traducen en edificios ejecutados de manera eficiente.<\/p><p><b>Edward Romero, 2024<\/b><\/p>\t\t\t\t\t\t\t\t<\/div>\n\t\t\t\t<\/div>\n\t\t\t\t<\/div>\n\t\t<div class=\"elementor-element elementor-element-370970a e-con-full e-flex e-con e-child\" data-id=\"370970a\" data-element_type=\"container\" data-e-type=\"container\">\n\t\t\t\t<\/div>\n\t\t\t\t\t<\/div>\n\t\t\t\t<\/div>\n\t\t<div class=\"elementor-element elementor-element-42405d2 e-flex e-con-boxed e-con e-parent\" data-id=\"42405d2\" data-element_type=\"container\" data-e-type=\"container\">\n\t\t\t\t\t<div class=\"e-con-inner\">\n\t\t\t\t\t<\/div>\n\t\t\t\t<\/div>\n\t\t\t\t<\/div>","protected":false},"excerpt":{"rendered":"<p>I am an architect with a strong focus on the business of architecture and success in life. Driven by an unwavering passion for the field, I have had the privilege of working on diverse projects across various countries. This international exposure has allowed me to develop a unique perspective, creating environments for a wide range [&hellip;]<\/p>","protected":false},"author":1,"featured_media":0,"parent":0,"menu_order":0,"comment_status":"closed","ping_status":"closed","template":"","meta":{"footnotes":""},"class_list":["post-13","page","type-page","status-publish","hentry"],"_links":{"self":[{"href":"https:\/\/romeroarchitect.com\/es\/wp-json\/wp\/v2\/pages\/13","targetHints":{"allow":["GET"]}}],"collection":[{"href":"https:\/\/romeroarchitect.com\/es\/wp-json\/wp\/v2\/pages"}],"about":[{"href":"https:\/\/romeroarchitect.com\/es\/wp-json\/wp\/v2\/types\/page"}],"author":[{"embeddable":true,"href":"https:\/\/romeroarchitect.com\/es\/wp-json\/wp\/v2\/users\/1"}],"replies":[{"embeddable":true,"href":"https:\/\/romeroarchitect.com\/es\/wp-json\/wp\/v2\/comments?post=13"}],"version-history":[{"count":68,"href":"https:\/\/romeroarchitect.com\/es\/wp-json\/wp\/v2\/pages\/13\/revisions"}],"predecessor-version":[{"id":1155,"href":"https:\/\/romeroarchitect.com\/es\/wp-json\/wp\/v2\/pages\/13\/revisions\/1155"}],"wp:attachment":[{"href":"https:\/\/romeroarchitect.com\/es\/wp-json\/wp\/v2\/media?parent=13"}],"curies":[{"name":"wp","href":"https:\/\/api.w.org\/{rel}","templated":true}]}}