{"id":15,"date":"2024-07-09T03:57:02","date_gmt":"2024-07-09T03:57:02","guid":{"rendered":"https:\/\/romeroarchitect.com\/?page_id=15"},"modified":"2025-01-21T22:58:40","modified_gmt":"2025-01-21T22:58:40","slug":"projects","status":"publish","type":"page","link":"https:\/\/romeroarchitect.com\/es\/projects\/","title":{"rendered":"PORTAFOLIO"},"content":{"rendered":"<div data-elementor-type=\"wp-page\" data-elementor-id=\"15\" class=\"elementor elementor-15\" data-elementor-post-type=\"page\">\n\t\t\t\t<div class=\"elementor-element elementor-element-641865b e-grid e-con-full e-con e-parent\" data-id=\"641865b\" data-element_type=\"container\" data-e-type=\"container\">\n\t\t\t\t<div class=\"elementor-element elementor-element-9088e21 elementor-widget elementor-widget-text-editor\" data-id=\"9088e21\" data-element_type=\"widget\" data-e-type=\"widget\" data-widget_type=\"text-editor.default\">\n\t\t\t\t<div class=\"elementor-widget-container\">\n\t\t\t\t\t\t\t\t\t<p><b>ROMERO Architectural Concept<\/b> presenta una colecci\u00f3n de proyectos que trascienden fronteras, apoy\u00e1ndose en nuestra experiencia de vivir y trabajar en diferentes lugares del mundo. Desde dise\u00f1os concebidos \u00edntegramente por nuestro equipo hasta colaboraciones en proyectos ic\u00f3nicos, cada uno refleja nuestro compromiso con la excelencia y la innovaci\u00f3n en arquitectura y dise\u00f1o. Te invitamos a descubrir una visi\u00f3n global y personal en cada creaci\u00f3n.<\/p>\t\t\t\t\t\t\t\t<\/div>\n\t\t\t\t<\/div>\n\t\t\t\t<div class=\"elementor-element elementor-element-662bdbd elementor-widget elementor-widget-image\" data-id=\"662bdbd\" data-element_type=\"widget\" data-e-type=\"widget\" data-widget_type=\"image.default\">\n\t\t\t\t<div class=\"elementor-widget-container\">\n\t\t\t\t\t\t\t\t\t\t\t\t\t\t\t<img fetchpriority=\"high\" decoding=\"async\" width=\"1707\" height=\"2560\" src=\"https:\/\/romeroarchitect.com\/wp-content\/uploads\/2024\/07\/mia-baker-jjhvyxm34nY-unsplash-scaled.jpg\" class=\"attachment-full size-full wp-image-190\" alt=\"\" srcset=\"https:\/\/romeroarchitect.com\/wp-content\/uploads\/2024\/07\/mia-baker-jjhvyxm34nY-unsplash-scaled.jpg 1707w, https:\/\/romeroarchitect.com\/wp-content\/uploads\/2024\/07\/mia-baker-jjhvyxm34nY-unsplash-200x300.jpg 200w, https:\/\/romeroarchitect.com\/wp-content\/uploads\/2024\/07\/mia-baker-jjhvyxm34nY-unsplash-683x1024.jpg 683w, https:\/\/romeroarchitect.com\/wp-content\/uploads\/2024\/07\/mia-baker-jjhvyxm34nY-unsplash-768x1152.jpg 768w, https:\/\/romeroarchitect.com\/wp-content\/uploads\/2024\/07\/mia-baker-jjhvyxm34nY-unsplash-1024x1536.jpg 1024w, https:\/\/romeroarchitect.com\/wp-content\/uploads\/2024\/07\/mia-baker-jjhvyxm34nY-unsplash-1365x2048.jpg 1365w\" sizes=\"(max-width: 1707px) 100vw, 1707px\" \/>\t\t\t\t\t\t\t\t\t\t\t\t\t\t\t<\/div>\n\t\t\t\t<\/div>\n\t\t\t\t<div class=\"elementor-element elementor-element-0be1c29 elementor-widget elementor-widget-image\" data-id=\"0be1c29\" data-element_type=\"widget\" data-e-type=\"widget\" data-widget_type=\"image.default\">\n\t\t\t\t<div class=\"elementor-widget-container\">\n\t\t\t\t\t\t\t\t\t\t\t\t\t\t\t<img decoding=\"async\" width=\"683\" height=\"1024\" src=\"https:\/\/romeroarchitect.com\/wp-content\/uploads\/2024\/07\/z-mia-baker-jjhvyxm34nY-unsplash-683x1024.png\" class=\"attachment-large size-large wp-image-193\" alt=\"\" srcset=\"https:\/\/romeroarchitect.com\/wp-content\/uploads\/2024\/07\/z-mia-baker-jjhvyxm34nY-unsplash-683x1024.png 683w, https:\/\/romeroarchitect.com\/wp-content\/uploads\/2024\/07\/z-mia-baker-jjhvyxm34nY-unsplash-200x300.png 200w, https:\/\/romeroarchitect.com\/wp-content\/uploads\/2024\/07\/z-mia-baker-jjhvyxm34nY-unsplash-768x1152.png 768w, https:\/\/romeroarchitect.com\/wp-content\/uploads\/2024\/07\/z-mia-baker-jjhvyxm34nY-unsplash-1024x1536.png 1024w, https:\/\/romeroarchitect.com\/wp-content\/uploads\/2024\/07\/z-mia-baker-jjhvyxm34nY-unsplash-1365x2048.png 1365w\" sizes=\"(max-width: 683px) 100vw, 683px\" \/>\t\t\t\t\t\t\t\t\t\t\t\t\t\t\t<\/div>\n\t\t\t\t<\/div>\n\t\t\t\t<\/div>\n\t\t<div class=\"elementor-element elementor-element-70b0bf8 e-grid e-con-boxed e-con e-parent\" data-id=\"70b0bf8\" data-element_type=\"container\" data-e-type=\"container\">\n\t\t\t\t\t<div class=\"e-con-inner\">\n\t\t\t\t<div class=\"elementor-element elementor-element-157156c elementor-align-center elementor-widget elementor-widget-button\" data-id=\"157156c\" data-element_type=\"widget\" data-e-type=\"widget\" data-widget_type=\"button.default\">\n\t\t\t\t<div class=\"elementor-widget-container\">\n\t\t\t\t\t\t\t\t\t<div class=\"elementor-button-wrapper\">\n\t\t\t\t\t<a class=\"elementor-button elementor-button-link elementor-size-sm elementor-animation-grow\" href=\"https:\/\/romeroarchitect.com\/es\/?page_id=267\">\n\t\t\t\t\t\t<span class=\"elementor-button-content-wrapper\">\n\t\t\t\t\t\t\t\t\t<span class=\"elementor-button-text\">OFFICES  ll  COMMERCIAL  ll  PUBLIC<\/span>\n\t\t\t\t\t<\/span>\n\t\t\t\t\t<\/a>\n\t\t\t\t<\/div>\n\t\t\t\t\t\t\t\t<\/div>\n\t\t\t\t<\/div>\n\t\t\t\t<div class=\"elementor-element elementor-element-4274b45 elementor-align-center elementor-widget elementor-widget-button\" data-id=\"4274b45\" data-element_type=\"widget\" data-e-type=\"widget\" data-widget_type=\"button.default\">\n\t\t\t\t<div class=\"elementor-widget-container\">\n\t\t\t\t\t\t\t\t\t<div class=\"elementor-button-wrapper\">\n\t\t\t\t\t<a class=\"elementor-button elementor-button-link elementor-size-sm elementor-animation-grow\" href=\"https:\/\/romeroarchitect.com\/es\/residential-projects\/\">\n\t\t\t\t\t\t<span class=\"elementor-button-content-wrapper\">\n\t\t\t\t\t\t\t\t\t<span class=\"elementor-button-text\">PROYECTOS RESIDENCIALES<\/span>\n\t\t\t\t\t<\/span>\n\t\t\t\t\t<\/a>\n\t\t\t\t<\/div>\n\t\t\t\t\t\t\t\t<\/div>\n\t\t\t\t<\/div>\n\t\t\t\t\t<\/div>\n\t\t\t\t<\/div>\n\t\t\t\t<\/div>","protected":false},"excerpt":{"rendered":"<p>ROMERO Architectural Concept presents a collection of projects that transcend borders, drawing on our experience of living and working in different places around the world. From designs conceived entirely by our team to collaborations on iconic projects, each one reflects our commitment to excellence and innovation in architecture and design. We invite you to discover [&hellip;]<\/p>","protected":false},"author":1,"featured_media":0,"parent":0,"menu_order":0,"comment_status":"closed","ping_status":"closed","template":"","meta":{"footnotes":""},"class_list":["post-15","page","type-page","status-publish","hentry"],"_links":{"self":[{"href":"https:\/\/romeroarchitect.com\/es\/wp-json\/wp\/v2\/pages\/15","targetHints":{"allow":["GET"]}}],"collection":[{"href":"https:\/\/romeroarchitect.com\/es\/wp-json\/wp\/v2\/pages"}],"about":[{"href":"https:\/\/romeroarchitect.com\/es\/wp-json\/wp\/v2\/types\/page"}],"author":[{"embeddable":true,"href":"https:\/\/romeroarchitect.com\/es\/wp-json\/wp\/v2\/users\/1"}],"replies":[{"embeddable":true,"href":"https:\/\/romeroarchitect.com\/es\/wp-json\/wp\/v2\/comments?post=15"}],"version-history":[{"count":53,"href":"https:\/\/romeroarchitect.com\/es\/wp-json\/wp\/v2\/pages\/15\/revisions"}],"predecessor-version":[{"id":1175,"href":"https:\/\/romeroarchitect.com\/es\/wp-json\/wp\/v2\/pages\/15\/revisions\/1175"}],"wp:attachment":[{"href":"https:\/\/romeroarchitect.com\/es\/wp-json\/wp\/v2\/media?parent=15"}],"curies":[{"name":"wp","href":"https:\/\/api.w.org\/{rel}","templated":true}]}}